{"id":2676,"date":"2019-11-03T15:39:08","date_gmt":"2019-11-03T13:39:08","guid":{"rendered":"https:\/\/www.mariangaborik.sk\/cookies\/"},"modified":"2019-11-03T16:03:20","modified_gmt":"2019-11-03T14:03:20","slug":"cookies","status":"publish","type":"page","link":"https:\/\/www.mariangaborik.sk\/en\/cookies\/","title":{"rendered":"Cookies"},"content":{"rendered":"<div class=\"cms_textblock\">\n<p><strong>Spolo\u010dnos\u0165 MG Rink s. r. o., Hod\u017eov\u00e1 6844, 911 01 Tren\u010d\u00edn, Slovensk\u00e1 Republika pou\u017e\u00edva na str\u00e1nke www.mariangaborik.sk s\u00fabory cookies za \u00fa\u010delom sledovania n\u00e1v\u0161tevnosti a zlep\u0161enie jej zobrazenia. Prejaven\u00fd s\u00fahlas n\u00e1m ude\u013eujete na 1 rok a m\u00f4\u017eete ho kedyko\u013evek odvola\u0165 v nastaveniach V\u00e1\u0161ho prehliada\u010da.<\/strong><\/p>\n<p><strong>\u010co s\u00fa s\u00fabory cookies?<\/strong><\/p>\n<p>S\u00fabory cookies s\u00fa mal\u00e9 textov\u00e9 s\u00fabory, ktor\u00e9 do po\u010d\u00edta\u010da u\u017e\u00edvate\u013ea str\u00e1nky alebo in\u00fdch zariaden\u00ed s pr\u00edstupom na internet umiest\u0148uj\u00fa na\u0161e internetov\u00e9 str\u00e1nky. Tieto s\u00fabory n\u00e1m umo\u017e\u0148uj\u00fa odl\u00ed\u0161i\u0165 u\u017e\u00edvate\u013ea od ostatn\u00fdch pou\u017e\u00edvate\u013eov na\u0161ej internetovej str\u00e1nky a tie\u017e n\u00e1m umo\u017e\u0148uj\u00fa na\u0161u internetov\u00fa str\u00e1nku skvalit\u0148ova\u0165 a zlep\u0161i\u0165 sp\u00f4soby, ak\u00fdmi si ju m\u00f4\u017ee u\u017e\u00edvate\u013e prezera\u0165.<\/p>\n<p>Cookies sa posielaj\u00fa sp\u00e4\u0165 na servery internetovej str\u00e1nky, ktor\u00e1 ich ulo\u017eila, ke\u010f sa u\u017e\u00edvate\u013e vr\u00e1ti na t\u00fato internetov\u00fa str\u00e1nku. Cookies a \u00fadaje z\u00edskan\u00e9 prostredn\u00edctvom internetov\u00fdch str\u00e1nok Poskytovate\u013ea slu\u017eby vyu\u017e\u00edvaj\u00facich technol\u00f3giu cookies m\u00f4\u017eu by\u0165 pou\u017eit\u00e9 najm\u00e4 na umo\u017enenie pohybu po internetovej str\u00e1nke a vyu\u017e\u00edvanie jej funkci\u00ed, zhroma\u017e\u010fovanie inform\u00e1ci\u00ed o tom, ako u\u017e\u00edvatelia internetovej str\u00e1nky pou\u017e\u00edvaj\u00fa str\u00e1nku (ako napr. ktor\u00e9 internetov\u00e9 str\u00e1nky s\u00fa nav\u0161tevovan\u00e9 naj\u010dastej\u0161ie alebo \u010di u\u017e\u00edvatelia internetovej str\u00e1nky prij\u00edmaj\u00fa spr\u00e1vy o chyb\u00e1ch at\u010f.), uchov\u00e1vanie \u00fadajov o v\u00fdberoch uskuto\u010dnen\u00fdch u\u017e\u00edvate\u013emi internetovej str\u00e1nky, reklamn\u00e9 a marketingov\u00e9 \u00fa\u010dely at\u010f.. Prostredn\u00edctvom s\u00faborov cookies a podobn\u00fdch technol\u00f3gi\u00ed m\u00f4\u017eeme z\u00edskava\u0165 aj inform\u00e1cie o tom, ako str\u00e1nku u\u017e\u00edvate\u013e pou\u017e\u00edva. V\u010faka nim dok\u00e1\u017eeme zisti\u0165, \u010domu d\u00e1va u\u017e\u00edvate\u013e prednos\u0165 a prisp\u00f4sobi\u0165 sa tomu.<\/p>\n<p>\u00dadaje zhroma\u017e\u010fovan\u00e9 prostredn\u00edctvom cookies odzrkad\u013euj\u00fa aktivitu u\u017e\u00edvate\u013ea na str\u00e1nke a pom\u00e1haj\u00fa n\u00e1m prisp\u00f4sobi\u0165 str\u00e1nku a predv\u00edda\u0165, \u010do by mohlo na\u0161ich pou\u017e\u00edvate\u013eov zauj\u00edma\u0165, a to tak, \u017ee monitoruj\u00fa n\u00e1v\u0161tevnos\u0165 ob\u013e\u00faben\u00fdch oblast\u00ed a modifikuj\u00fa slu\u017eby a inform\u00e1cie. To by malo vies\u0165 k zvy\u0161ovaniu spokojnosti u\u017e\u00edvate\u013eov na\u0161ej str\u00e1nky. Prostredn\u00edctvom cookies sa uklad\u00e1 jedine\u010dn\u00fd identifik\u00e1tor rel\u00e1cie, ktor\u00fd n\u00e1m umo\u017e\u0148uje op\u00e4tovne na\u010d\u00edta\u0165 profil a predvo\u013eby u\u017e\u00edvate\u013ea pri jeho \u010fal\u0161ej n\u00e1v\u0161teve internetovej str\u00e1nky.<\/p>\n<\/div>\n<div class=\"cms_textblock\">\n<p><strong>Ak\u00fd je \u00fa\u010del pou\u017eitia s\u00faborov cookies?<\/strong><\/p>\n<ul>\n<li>navigovanie po\u017e\u00edvate\u013eov na pr\u00edslu\u0161n\u00e9 \u010dasti str\u00e1nky;<\/li>\n<li>zabezpe\u010denie, aby str\u00e1nka vyzerala v r\u00f4znych prehliada\u010doch a r\u00f4znych zariadeniach \u010do najlep\u0161ie;<\/li>\n<li>zlep\u0161enie funk\u010dnosti zlo\u017eit\u00fdch oblast\u00ed str\u00e1nky;<\/li>\n<li>sledovanie s\u00fahrnn\u00fdch \u0161tatist\u00edk o n\u00e1v\u0161tev\u00e1ch str\u00e1nky s cie\u013eom zlep\u0161i\u0165 jej v\u00fdkonnos\u0165.<\/li>\n<\/ul>\n<p><strong>S\u00fahlas s pou\u017e\u00edvan\u00edm s\u00faborov cookies ude\u013eujete a m\u00f4\u017eete ho odvola\u0165:<\/strong><\/p>\n<p>S\u00fahlas o pou\u017e\u00edvan\u00ed s\u00faborov cookies ude\u013eujete na 1 rok a m\u00f4\u017eete ho odvola\u0165 alebo aj \u00faplne zablokova\u0165 cez nastavenia V\u00e1\u0161ho prehliada\u010da. Svoj prehliada\u010d si u\u017e\u00edvate\u013e m\u00f4\u017ee nastavi\u0165 tak, aby ho upozornil na pr\u00edjem s\u00faboru cookie, v\u010faka \u010domu sa bude m\u00f4c\u0165 rozhodn\u00fa\u0165, \u010di dan\u00fd s\u00fabor chce prija\u0165, alebo nie. Ak v\u0161ak nejak\u00fd konkr\u00e9tny s\u00fabor cookie neprijme, niektor\u00e9 prvky str\u00e1nky nemusia fungova\u0165 spr\u00e1vne alebo str\u00e1nky nemusia by\u0165 \u00fapln\u00e9. Pou\u017e\u00edvame len s\u00fabory cookies prvej strany a neumo\u017e\u0148ujeme in\u00fdm internetov\u00fdm str\u00e1nkam ani tret\u00edm stran\u00e1m, aby na\u0161e s\u00fabory cookies pou\u017e\u00edvali na svoje vlastn\u00e9 \u00fa\u010dely.<\/p>\n<p><strong>Google Analytics<\/strong><\/p>\n<p>S\u00fabory cookies zbierame najm\u00e4 prostredn\u00edctvom slu\u017eby Google Analytics, ktor\u00fa prev\u00e1dzkuje spolo\u010dnosti Google Inc., s\u00eddlom 1600 Amphitheatre Parkway, Mountain View, CA 94043, USA s\u00fa v s\u00falade so Z\u00e1sadami o ochrane s\u00fakromia. Viac si m\u00f4\u017eete pre\u010d\u00edta\u0165 na <a href=\"https:\/\/www.google.com\/intl\/cs\/policies\/privacy\/#nosharing\">https:\/\/www.google.com\/intl\/cs\/policies\/privacy\/#nosharing<\/a>.<\/p>\n<p>S\u00fahlas je udelen\u00fd na dobu, ktor\u00e1 je uveden\u00e1 v nasleduj\u00facej tabu\u013eke o jednotliv\u00fdch cookies s\u00faboroch. Tento s\u00fahlas m\u00f4\u017eete kedyko\u013evek zru\u0161i\u0165 pomocou zmien nastaven\u00ed V\u00e1\u0161ho pr\u00edslu\u0161n\u00e9ho internetov\u00e9ho prehliada\u010da.<\/p>\n<table border=\"0\" cellspacing=\"0\" cellpadding=\"0\" align=\"center\">\n<tbody>\n<tr>\n<td>\n<p align=\"center\"><strong>N\u00e1zov <\/strong><\/p>\n<\/td>\n<td>\n<p align=\"center\"><strong>\u00da\u010del <\/strong><\/p>\n<\/td>\n<td>\n<p align=\"center\"><strong>Platnos\u0165<\/strong><\/p>\n<\/td>\n<\/tr>\n<tr>\n<td>\n<p align=\"center\"><em>Google Analytics<\/em><\/p>\n<\/td>\n<td>\n<p align=\"center\"><em>Z\u00edskanie statistick\u00fdch inform\u00e1ci\u00ed<\/em><\/p>\n<\/td>\n<td><em>1 rok, pr\u00edp. do odstranenia.<\/em><\/td>\n<\/tr>\n<\/tbody>\n<\/table>\n<p>Pod\u013ea z\u00e1kona o ochrane osobn\u00fdch \u00fadajov m\u00e1te pr\u00e1vo:<\/p>\n<ul>\n<li>po\u017eiada\u0165 o inform\u00e1cie a vysvetlenie spracov\u00e1vania, ak\u00e9 Va\u0161e osobn\u00e9 \u00fadaje spracov\u00e1vame,<\/li>\n<li>po\u017eiada\u0165 o ich aktualiz\u00e1ciu, \u00fapravu alebo vymazanie,<\/li>\n<li>v pr\u00edpade pochybnost\u00ed o dodr\u017eiavanie povinnost\u00ed s\u00favisiacich so spracovan\u00edm sa m\u00f4\u017eete obr\u00e1ti\u0165 aj na \u00darad pre ochranu osobn\u00fdch \u00fadajov.<\/li>\n<\/ul>\n<p>O ak\u00e9ko\u013evek inform\u00e1cie nielen v spojitosti s osobn\u00fdmi \u00fadajmi n\u00e1s m\u00f4\u017eete po\u017eiada\u0165 prostredn\u00edctvom emailu: <a href=\"mailto:mgrink@mariangaborik.sk\">mgrink@mariangaborik.sk<\/a> alebo na tel.: +421 32\/744 53 25 od 8:00 hod. do 15:00 hod. po\u010das pracovn\u00fdch dn\u00ed.<\/p>\n<\/div>\n","protected":false},"excerpt":{"rendered":"<p>Spolo\u010dnos\u0165 MG Rink s. r. o., Hod\u017eov\u00e1 6844, 911 01 Tren\u010d\u00edn, Slovensk\u00e1 Republika pou\u017e\u00edva na str\u00e1nke www.mariangaborik.sk s\u00fabory cookies za \u00fa\u010delom sledovania n\u00e1v\u0161tevnosti a zlep\u0161enie jej zobrazenia. Prejaven\u00fd s\u00fahlas n\u00e1m ude\u013eujete na 1 rok a m\u00f4\u017eete ho kedyko\u013evek odvola\u0165 v<\/p>\n","protected":false},"author":1,"featured_media":0,"parent":0,"menu_order":0,"comment_status":"closed","ping_status":"closed","template":"","meta":{"footnotes":""},"class_list":["post-2676","page","type-page","status-publish","hentry","","tg-column-two"],"_links":{"self":[{"href":"https:\/\/www.mariangaborik.sk\/en\/wp-json\/wp\/v2\/pages\/2676","targetHints":{"allow":["GET"]}}],"collection":[{"href":"https:\/\/www.mariangaborik.sk\/en\/wp-json\/wp\/v2\/pages"}],"about":[{"href":"https:\/\/www.mariangaborik.sk\/en\/wp-json\/wp\/v2\/types\/page"}],"author":[{"embeddable":true,"href":"https:\/\/www.mariangaborik.sk\/en\/wp-json\/wp\/v2\/users\/1"}],"replies":[{"embeddable":true,"href":"https:\/\/www.mariangaborik.sk\/en\/wp-json\/wp\/v2\/comments?post=2676"}],"version-history":[{"count":0,"href":"https:\/\/www.mariangaborik.sk\/en\/wp-json\/wp\/v2\/pages\/2676\/revisions"}],"wp:attachment":[{"href":"https:\/\/www.mariangaborik.sk\/en\/wp-json\/wp\/v2\/media?parent=2676"}],"curies":[{"name":"wp","href":"https:\/\/api.w.org\/{rel}","templated":true}]}}