{"id":2519,"date":"2017-07-03T13:14:08","date_gmt":"2017-07-03T13:14:08","guid":{"rendered":"https:\/\/www.mariangaborik.sk\/?page_id=2519"},"modified":"2019-11-03T16:35:29","modified_gmt":"2019-11-03T14:35:29","slug":"arena","status":"publish","type":"page","link":"https:\/\/www.mariangaborik.sk\/en\/arena\/","title":{"rendered":"Arena"},"content":{"rendered":"<p><img decoding=\"async\" src=\"https:\/\/www.mariangaborik.sk\/wp-content\/uploads\/2019\/10\/arena_fu.jpg\" alt=\"MG Rink - Ar\u00e9na\" \/><br \/>\n<div class=\"su-row\">\n<div class=\"su-column su-column-size-3-4\"><div class=\"su-column-inner su-u-clearfix su-u-trim\">\n<h3 style=\"text-align: center;\"><strong>Mari\u00e1n G\u00e1bor\u00edk about arena<\/strong><\/h3>\n<figure id=\"attachment_672\" aria-describedby=\"caption-attachment-672\" style=\"width: 132px\" class=\"wp-caption alignleft\"><img decoding=\"async\" class=\" wp-image-672\" src=\"https:\/\/www.mariangaborik.sk\/wp-content\/uploads\/2019\/11\/majo_2005.jpg\" alt=\"Mari\u00e1n G\u00e1bor\u00edk - rozhovor o zalo\u017een\u00ed MG Rink 2004\" width=\"132\" height=\"199\" \/><figcaption id=\"caption-attachment-672\" class=\"wp-caption-text\">Mari\u00e1n G\u00e1bor\u00edk &#8211; investor\/owner<\/figcaption><\/figure>\n<div class=\"su-pullquote su-pullquote-align-left\"><em><span style=\"color: #00559a;\">&#8220;It&#8217;s represents the fulfilment of one of my dreams. It was in Tren\u010d\u00edn where I took my first ice-hockey steps, where I learned the first zigzags and shot my first goals. I am thankful for this opportunity and in order to give thanks for what ice hockey gave me, I also wanted to help other boys and girls and create conditions to help fulfil their sports dreams.&#8221;<\/span><\/em><\/div>\n<figure id=\"attachment_2686\" aria-describedby=\"caption-attachment-2686\" style=\"width: 300px\" class=\"wp-caption alignleft\"><img fetchpriority=\"high\" decoding=\"async\" class=\"size-medium wp-image-2686\" src=\"https:\/\/www.mariangaborik.sk\/wp-content\/uploads\/2019\/11\/arena_maketa-300x199.jpg\" alt=\"MG Rink - arene as model 2005\" width=\"300\" height=\"199\" srcset=\"https:\/\/www.mariangaborik.sk\/wp-content\/uploads\/2019\/11\/arena_maketa-300x199.jpg 300w, https:\/\/www.mariangaborik.sk\/wp-content\/uploads\/2019\/11\/arena_maketa.jpg 500w\" sizes=\"(max-width: 300px) 100vw, 300px\" \/><figcaption id=\"caption-attachment-2686\" class=\"wp-caption-text\">MG Rink &#8211; arena as model 2005<\/figcaption><\/figure>\n<div class=\"su-divider su-divider-style-default\" style=\"margin:15px 0;border-width:1px;border-color:#999999\"><\/div>\n<h3 style=\"text-align: center;\"><strong>year 2004 &#8211; ground is broken<\/strong><\/h3>\n<p>At first it was just a dream but in July of 2004 we broke the ground of something that was named <strong>MG Rink small ice stadium of Mari\u00e1n G\u00e1bor\u00edk<\/strong> on July 1st 2005. Perfect place for Tren\u010d\u00edn\u2019s sportsmen and women, public and sport fans.<\/p>\n<div class=\"su-custom-gallery su-custom-gallery-align-left su-custom-gallery-title-hover su-lightbox-gallery\"><div class=\"su-custom-gallery-slide\" style=\"width:180px;height:100px\"><a href=\"https:\/\/www.mariangaborik.sk\/wp-content\/uploads\/2019\/10\/gal_arena_01.jpg\" title=\"MG Rink &#8211; year 2005 &#8211; Valuation\"><img decoding=\"async\" src=\"https:\/\/www.mariangaborik.sk\/wp-content\/uploads\/2019\/10\/gal_arena_01-180x100.jpg\" alt=\"MG Rink &#8211; year 2005 &#8211; Valuation\" width=\"180\" height=\"100\" \/><span class=\"su-custom-gallery-title\">MG Rink &#8211; year 2005 &#8211; Valuation<\/span><\/a><\/div><div class=\"su-custom-gallery-slide\" style=\"width:180px;height:100px\"><a href=\"https:\/\/www.mariangaborik.sk\/wp-content\/uploads\/2019\/10\/gal_arena_02.jpg\" title=\"MG Rink &#8211; year 2005 &#8211; Valuation\"><img loading=\"lazy\" decoding=\"async\" src=\"https:\/\/www.mariangaborik.sk\/wp-content\/uploads\/2019\/10\/gal_arena_02-180x100.jpg\" alt=\"MG Rink &#8211; year 2005 &#8211; Valuation\" width=\"180\" height=\"100\" \/><span class=\"su-custom-gallery-title\">MG Rink &#8211; year 2005 &#8211; Valuation<\/span><\/a><\/div><div class=\"su-custom-gallery-slide\" style=\"width:180px;height:100px\"><a href=\"https:\/\/www.mariangaborik.sk\/wp-content\/uploads\/2019\/10\/gal_arena_03.jpg\" title=\"MG Rink &#8211; year 2005 &#8211; Valuation\"><img loading=\"lazy\" decoding=\"async\" src=\"https:\/\/www.mariangaborik.sk\/wp-content\/uploads\/2019\/10\/gal_arena_03-180x100.jpg\" alt=\"MG Rink &#8211; year 2005 &#8211; Valuation\" width=\"180\" height=\"100\" \/><span class=\"su-custom-gallery-title\">MG Rink &#8211; year 2005 &#8211; Valuation<\/span><\/a><\/div><div class=\"su-custom-gallery-slide\" style=\"width:180px;height:100px\"><a href=\"https:\/\/www.mariangaborik.sk\/wp-content\/uploads\/2019\/10\/gal_arena_04.jpg\" title=\"MG Rink &#8211; year 2005 &#8211; Valuation\"><img loading=\"lazy\" decoding=\"async\" src=\"https:\/\/www.mariangaborik.sk\/wp-content\/uploads\/2019\/10\/gal_arena_04-180x100.jpg\" alt=\"MG Rink &#8211; year 2005 &#8211; Valuation\" width=\"180\" height=\"100\" \/><span class=\"su-custom-gallery-title\">MG Rink &#8211; year 2005 &#8211; Valuation<\/span><\/a><\/div><div class=\"su-clear\"><\/div><\/div>\n<div class=\"su-divider su-divider-style-default\" style=\"margin:15px 0;border-width:1px;border-color:#999999\"><\/div>\n<h3 style=\"text-align: center;\"><strong>year 2005 &#8211; Valuation<\/strong><\/h3>\n<p>&#8220;The Little Hockey Arena at Hod\u017eova Street in Tren\u010d\u00edn&#8221; was awarded th title &#8220;The Construction of the Year 2005&#8221;. The award is given annually by the City of Tren\u010d\u00edn for the most useful construction in the city. The investor for the Construction was Mari\u00e1n G\u00e1bor\u00edk and the author of the project was Ing. arch. Miloslav Varga from ARREA, s.r.o. Tren\u010d\u00edn Company.<\/p>\n<figure id=\"attachment_2535\" aria-describedby=\"caption-attachment-2535\" style=\"width: 267px\" class=\"wp-caption alignleft\"><img loading=\"lazy\" decoding=\"async\" class=\"size-medium wp-image-2535\" src=\"https:\/\/www.mariangaborik.sk\/wp-content\/uploads\/2019\/11\/gaborikovci_ocenenie-300x225.jpg\" alt=\"Silvia a Pavol (rodi\u010dia Mari\u00e1na), prevzali ocenenie\" width=\"267\" height=\"200\" srcset=\"https:\/\/www.mariangaborik.sk\/wp-content\/uploads\/2019\/11\/gaborikovci_ocenenie-300x225.jpg 300w, https:\/\/www.mariangaborik.sk\/wp-content\/uploads\/2019\/11\/gaborikovci_ocenenie.jpg 640w\" sizes=\"(max-width: 267px) 100vw, 267px\" \/><figcaption id=\"caption-attachment-2535\" class=\"wp-caption-text\">Arena of Mari\u00e1n G\u00e1bor\u00edk &#8211; Silvia and Pavol (parents of Mari\u00e1n) accepted and award in Mari\u00e1n\u2019s name who was in NHL at that time.<\/figcaption><\/figure>\n<figure id=\"attachment_2531\" aria-describedby=\"caption-attachment-2531\" style=\"width: 141px\" class=\"wp-caption alignleft\"><img loading=\"lazy\" decoding=\"async\" class=\"size-medium wp-image-2531\" src=\"https:\/\/www.mariangaborik.sk\/wp-content\/uploads\/2019\/11\/DSCF3994_resize-211x300.jpg\" alt=\"Ar\u00e9na Mari\u00e1na G\u00e1bor\u00edka \u2013 Stavba mesta Tren\u010d\u00edn 2005\" width=\"141\" height=\"200\" srcset=\"https:\/\/www.mariangaborik.sk\/wp-content\/uploads\/2019\/11\/DSCF3994_resize-211x300.jpg 211w, https:\/\/www.mariangaborik.sk\/wp-content\/uploads\/2019\/11\/DSCF3994_resize.jpg 704w\" sizes=\"(max-width: 141px) 100vw, 141px\" \/><figcaption id=\"caption-attachment-2531\" class=\"wp-caption-text\">Arena of Mari\u00e1n G\u00e1bor\u00edk &#8211; Building of the Town Tren\u010d\u00edn 2005<\/figcaption><\/figure>\n<div class=\"su-divider su-divider-style-default\" style=\"margin:15px 0;border-width:1px;border-color:#999999\"><\/div>\n<h3 style=\"text-align: center;\"><strong>year 2011 &#8211; small stadium grew to be Arena of Mari\u00e1n G\u00e1bor\u00edk<\/strong><\/h3>\n<p>In march of 2011 we opened our expanded fitness center and aerobic area. We added relax center with the services of physical therapist, 2 brand new solariums (vertical and horizontal). Few days later we opened <a href=\"http:\/\/www.hotelgaborik.sk\/en\" target=\"_blank\" rel=\"noopener\">the Hotel of Marian Gaborik<\/a> as another part of this sport complex. Hotel has 17 air conditioned rooms and handicapped elevator. Its services were ranked with 3 stars. More informations can be found at <a href=\"http:\/\/www.hotelgaborik.sk\/en\" target=\"_blank\" rel=\"noopener\">www.hotelgaborik.sk\/en<\/a>.<\/p>\n<div class=\"su-custom-gallery su-custom-gallery-align-left su-custom-gallery-title-hover su-lightbox-gallery\"><div class=\"su-custom-gallery-slide\" style=\"width:180px;height:100px\"><a href=\"https:\/\/www.mariangaborik.sk\/wp-content\/uploads\/2019\/10\/gal_arena_05.jpg\" title=\"expanded fitness center and aerobic area\"><img loading=\"lazy\" decoding=\"async\" src=\"https:\/\/www.mariangaborik.sk\/wp-content\/uploads\/2019\/10\/gal_arena_05-180x100.jpg\" alt=\"expanded fitness center and aerobic area\" width=\"180\" height=\"100\" \/><span class=\"su-custom-gallery-title\">expanded fitness center and aerobic area<\/span><\/a><\/div><div class=\"su-custom-gallery-slide\" style=\"width:180px;height:100px\"><a href=\"https:\/\/www.mariangaborik.sk\/wp-content\/uploads\/2019\/10\/gal_arena_06.jpg\" title=\"expanded fitness center and aerobic area\"><img loading=\"lazy\" decoding=\"async\" src=\"https:\/\/www.mariangaborik.sk\/wp-content\/uploads\/2019\/10\/gal_arena_06-180x100.jpg\" alt=\"expanded fitness center and aerobic area\" width=\"180\" height=\"100\" \/><span class=\"su-custom-gallery-title\">expanded fitness center and aerobic area<\/span><\/a><\/div><div class=\"su-custom-gallery-slide\" style=\"width:180px;height:100px\"><a href=\"https:\/\/www.mariangaborik.sk\/wp-content\/uploads\/2019\/10\/gal_arena_07.jpg\" title=\"full-valued hotel\"><img loading=\"lazy\" decoding=\"async\" src=\"https:\/\/www.mariangaborik.sk\/wp-content\/uploads\/2019\/10\/gal_arena_07-180x100.jpg\" alt=\"full-valued hotel\" width=\"180\" height=\"100\" \/><span class=\"su-custom-gallery-title\">full-valued hotel<\/span><\/a><\/div><div class=\"su-custom-gallery-slide\" style=\"width:180px;height:100px\"><a href=\"https:\/\/www.mariangaborik.sk\/wp-content\/uploads\/2019\/10\/gal_arena_08.jpg\" title=\"full-valued hotel\"><img loading=\"lazy\" decoding=\"async\" src=\"https:\/\/www.mariangaborik.sk\/wp-content\/uploads\/2019\/10\/gal_arena_08-180x100.jpg\" alt=\"full-valued hotel\" width=\"180\" height=\"100\" \/><span class=\"su-custom-gallery-title\">full-valued hotel<\/span><\/a><\/div><div class=\"su-custom-gallery-slide\" style=\"width:180px;height:100px\"><a href=\"https:\/\/www.mariangaborik.sk\/wp-content\/uploads\/2019\/10\/gal_arena_09.jpg\" title=\"full-valued hotel\"><img loading=\"lazy\" decoding=\"async\" src=\"https:\/\/www.mariangaborik.sk\/wp-content\/uploads\/2019\/10\/gal_arena_09-180x100.jpg\" alt=\"full-valued hotel\" width=\"180\" height=\"100\" \/><span class=\"su-custom-gallery-title\">full-valued hotel<\/span><\/a><\/div><div class=\"su-custom-gallery-slide\" style=\"width:180px;height:100px\"><a href=\"https:\/\/www.mariangaborik.sk\/wp-content\/uploads\/2019\/10\/gal_arena_10.jpg\" title=\"full-valued kitchen\"><img loading=\"lazy\" decoding=\"async\" src=\"https:\/\/www.mariangaborik.sk\/wp-content\/uploads\/2019\/10\/gal_arena_10-180x100.jpg\" alt=\"full-valued kitchen\" width=\"180\" height=\"100\" \/><span class=\"su-custom-gallery-title\">full-valued kitchen<\/span><\/a><\/div><div class=\"su-clear\"><\/div><\/div>\n<div class=\"su-divider su-divider-style-default\" style=\"margin:15px 0;border-width:1px;border-color:#999999\"><\/div>\n<h3 style=\"text-align: center;\"><strong>year 2015 &#8211; full-valued kitchen<\/strong><\/h3>\n<p>On February 5th 2015 after suggestions of our visitors we did a complete renovation of our kitchen. Our coffee shop become a restaurant with full menu, drink menu and pizza. Our kitchen team is ready to serve you.<\/p>\n<div class=\"su-custom-gallery su-custom-gallery-align-left su-custom-gallery-title-hover su-lightbox-gallery\"><div class=\"su-custom-gallery-slide\" style=\"width:180px;height:100px\"><a href=\"https:\/\/www.mariangaborik.sk\/wp-content\/uploads\/2019\/10\/gal_arena_11.jpg\" title=\"Complete renovation our restaurant\"><img loading=\"lazy\" decoding=\"async\" src=\"https:\/\/www.mariangaborik.sk\/wp-content\/uploads\/2019\/10\/gal_arena_11-180x100.jpg\" alt=\"Complete renovation our restaurant\" width=\"180\" height=\"100\" \/><span class=\"su-custom-gallery-title\">Complete renovation our restaurant<\/span><\/a><\/div><div class=\"su-custom-gallery-slide\" style=\"width:180px;height:100px\"><a href=\"https:\/\/www.mariangaborik.sk\/wp-content\/uploads\/2019\/10\/gal_arena_12.jpg\" title=\"Complete renovation our restaurant\"><img loading=\"lazy\" decoding=\"async\" src=\"https:\/\/www.mariangaborik.sk\/wp-content\/uploads\/2019\/10\/gal_arena_12-180x100.jpg\" alt=\"Complete renovation our restaurant\" width=\"180\" height=\"100\" \/><span class=\"su-custom-gallery-title\">Complete renovation our restaurant<\/span><\/a><\/div><div class=\"su-custom-gallery-slide\" style=\"width:180px;height:100px\"><a href=\"https:\/\/www.mariangaborik.sk\/wp-content\/uploads\/2019\/10\/gal_arena_13.jpg\" title=\"Complete renovation our restaurant\"><img loading=\"lazy\" decoding=\"async\" src=\"https:\/\/www.mariangaborik.sk\/wp-content\/uploads\/2019\/10\/gal_arena_13-180x100.jpg\" alt=\"Complete renovation our restaurant\" width=\"180\" height=\"100\" \/><span class=\"su-custom-gallery-title\">Complete renovation our restaurant<\/span><\/a><\/div><div class=\"su-custom-gallery-slide\" style=\"width:180px;height:100px\"><a href=\"https:\/\/www.mariangaborik.sk\/wp-content\/uploads\/2019\/10\/gal_arena_14.jpg\" title=\"Complete renovation our restaurant\"><img loading=\"lazy\" decoding=\"async\" src=\"https:\/\/www.mariangaborik.sk\/wp-content\/uploads\/2019\/10\/gal_arena_14-180x100.jpg\" alt=\"Complete renovation our restaurant\" width=\"180\" height=\"100\" \/><span class=\"su-custom-gallery-title\">Complete renovation our restaurant<\/span><\/a><\/div><div class=\"su-clear\"><\/div><\/div>\n<div class=\"su-divider su-divider-style-default\" style=\"margin:15px 0;border-width:1px;border-color:#999999\"><\/div>\n<h3 style=\"text-align: center;\"><strong>rok 2017 &#8211; complete renovation our restaurant<\/strong><\/h3>\n<p>During the month of September of 2017 restaurant in our arena was out of order due to complete renovation including the smoking terrace. Whole area can accommodate around 120 people.<\/p>\n<div class=\"su-custom-gallery su-custom-gallery-align-left su-custom-gallery-title-hover su-lightbox-gallery\"><div class=\"su-custom-gallery-slide\" style=\"width:180px;height:100px\"><a href=\"https:\/\/www.mariangaborik.sk\/wp-content\/uploads\/2019\/10\/gal_arena_15.jpg\" title=\"Complete renovation our restaurant\"><img loading=\"lazy\" decoding=\"async\" src=\"https:\/\/www.mariangaborik.sk\/wp-content\/uploads\/2019\/10\/gal_arena_15-180x100.jpg\" alt=\"Complete renovation our restaurant\" width=\"180\" height=\"100\" \/><span class=\"su-custom-gallery-title\">Complete renovation our restaurant<\/span><\/a><\/div><div class=\"su-custom-gallery-slide\" style=\"width:180px;height:100px\"><a href=\"https:\/\/www.mariangaborik.sk\/wp-content\/uploads\/2019\/10\/gal_arena_16.jpg\" title=\"Complete renovation our restaurant\"><img loading=\"lazy\" decoding=\"async\" src=\"https:\/\/www.mariangaborik.sk\/wp-content\/uploads\/2019\/10\/gal_arena_16-180x100.jpg\" alt=\"Complete renovation our restaurant\" width=\"180\" height=\"100\" \/><span class=\"su-custom-gallery-title\">Complete renovation our restaurant<\/span><\/a><\/div><div class=\"su-custom-gallery-slide\" style=\"width:180px;height:100px\"><a href=\"https:\/\/www.mariangaborik.sk\/wp-content\/uploads\/2019\/10\/gal_arena_17.jpg\" title=\"Complete renovation our restaurant\"><img loading=\"lazy\" decoding=\"async\" src=\"https:\/\/www.mariangaborik.sk\/wp-content\/uploads\/2019\/10\/gal_arena_17-180x100.jpg\" alt=\"Complete renovation our restaurant\" width=\"180\" height=\"100\" \/><span class=\"su-custom-gallery-title\">Complete renovation our restaurant<\/span><\/a><\/div><div class=\"su-clear\"><\/div><\/div>\n<div class=\"su-divider su-divider-style-default\" style=\"margin:15px 0;border-width:1px;border-color:#999999\"><\/div>\n<div class=\"su-note\"  style=\"border-color:#d5d0d0;border-radius:3px;-moz-border-radius:3px;-webkit-border-radius:3px;\"><div class=\"su-note-inner su-u-clearfix su-u-trim\" style=\"background-color:#efeaea;border-color:#ffffff;color:#000000;border-radius:3px;-moz-border-radius:3px;-webkit-border-radius:3px;\"><div class=\"su-quote su-quote-style-default su-quote-has-cite\"><div class=\"su-quote-inner su-u-clearfix su-u-trim\"><strong style=\"font-size: 18px;\"><i>Mari\u00e1n G\u00e1bor\u00edk is the first Slovak sportsman who invested more than 50 million Slovak crowns (SKK) in building the ice &#8211; hockey stadium. For such a deed a man needs not only determination but also a big great love for hockey and foremost the sense of sacrificing himself to others.<\/i><\/strong><span class=\"su-quote-cite\">MG Rink<\/span><\/div><\/div><\/div><\/div>\n<\/div><\/div>\n<div class=\"su-column su-column-size-1-4\"><div class=\"su-column-inner su-u-clearfix su-u-trim\">\n<div class=\"su-box su-box-style-default\" id=\"\" style=\"border-color:#a7b8c7;border-radius:3px;max-width:none\"><div class=\"su-box-title\" style=\"background-color:#daebfa;color:#000000;border-top-left-radius:1px;border-top-right-radius:1px\">Contact<\/div><div class=\"su-box-content su-u-clearfix su-u-trim\" style=\"border-bottom-left-radius:1px;border-bottom-right-radius:1px\"><strong>Phone:<\/strong><br \/>\n+421 32\/744 53 25, -26<\/p>\n<p><strong>Cell phone:<\/strong><br \/>\n+421 915 864 490<\/p>\n<p><strong>E-mail:<\/strong><br \/>\nmgrink@mariangaborik.sk<\/div><\/div>\n<\/div><\/div>\n<\/div>\n","protected":false},"excerpt":{"rendered":"","protected":false},"author":1,"featured_media":0,"parent":0,"menu_order":0,"comment_status":"closed","ping_status":"open","template":"","meta":{"footnotes":""},"class_list":["post-2519","page","type-page","status-publish","hentry","","tg-column-two"],"_links":{"self":[{"href":"https:\/\/www.mariangaborik.sk\/en\/wp-json\/wp\/v2\/pages\/2519","targetHints":{"allow":["GET"]}}],"collection":[{"href":"https:\/\/www.mariangaborik.sk\/en\/wp-json\/wp\/v2\/pages"}],"about":[{"href":"https:\/\/www.mariangaborik.sk\/en\/wp-json\/wp\/v2\/types\/page"}],"author":[{"embeddable":true,"href":"https:\/\/www.mariangaborik.sk\/en\/wp-json\/wp\/v2\/users\/1"}],"replies":[{"embeddable":true,"href":"https:\/\/www.mariangaborik.sk\/en\/wp-json\/wp\/v2\/comments?post=2519"}],"version-history":[{"count":0,"href":"https:\/\/www.mariangaborik.sk\/en\/wp-json\/wp\/v2\/pages\/2519\/revisions"}],"wp:attachment":[{"href":"https:\/\/www.mariangaborik.sk\/en\/wp-json\/wp\/v2\/media?parent=2519"}],"curies":[{"name":"wp","href":"https:\/\/api.w.org\/{rel}","templated":true}]}}